{"id":9496,"date":"2019-09-19T16:55:26","date_gmt":"2019-09-19T14:55:26","guid":{"rendered":"https:\/\/hppsycho.de\/mediathek\/password-reset\/"},"modified":"2019-09-19T16:55:26","modified_gmt":"2019-09-19T14:55:26","slug":"password-reset","status":"publish","type":"page","link":"https:\/\/hppsycho.de\/mediathek\/password-reset\/","title":{"rendered":"Passwort zur\u00fccksetzen"},"content":{"rendered":"[ultimatemember_password]\n","protected":false},"excerpt":{"rendered":"<p>[ultimatemember_password]<\/p>\n","protected":false},"author":1,"featured_media":0,"parent":0,"menu_order":0,"comment_status":"closed","ping_status":"closed","template":"","meta":{"footnotes":""},"class_list":["post-9496","page","type-page","status-publish","hentry"],"jetpack-related-posts":[{"id":28,"url":"https:\/\/hppsycho.de\/mediathek\/resetpass\/","url_meta":{"origin":9496,"position":0},"title":"Passwort zur\u00fccksetzen","author":"","date":false,"format":false,"excerpt":"","rel":"","context":"\u00c4hnlicher Beitrag","block_context":{"text":"\u00c4hnlicher Beitrag","link":""},"img":{"alt_text":"","src":"","width":0,"height":0},"classes":[]},{"id":15349,"url":"https:\/\/hppsycho.de\/mediathek\/impressum\/","url_meta":{"origin":9496,"position":1},"title":"Impressum","author":"","date":false,"format":false,"excerpt":"Koppers und Letschert GbR Am Webergarten 4 D- 61118 Bad Vilbel Telefon: +49 (0) 6101 \u2013 30414 06 Telefax: +49 (0) 6101 \u2013 30414 07 Email:\u00a0\u00a0info[at]hppsycho.de Webmaster: Joachim Letschert Inhaber: Uwe Koppers und Joachim Letschert (Anschrift wie oben) Inhaltlich Verantwortlicher gem\u00e4\u00df \u00a7 10 Absatz 3 MDStV: Uwe Koppers und Joachim\u2026","rel":"","context":"\u00c4hnlicher Beitrag","block_context":{"text":"\u00c4hnlicher Beitrag","link":""},"img":{"alt_text":"","src":"","width":0,"height":0},"classes":[]},{"id":27,"url":"https:\/\/hppsycho.de\/mediathek\/lostpassword\/","url_meta":{"origin":9496,"position":2},"title":"Passwort vergessen","author":"","date":false,"format":false,"excerpt":"","rel":"","context":"\u00c4hnlicher Beitrag","block_context":{"text":"\u00c4hnlicher Beitrag","link":""},"img":{"alt_text":"","src":"","width":0,"height":0},"classes":[]},{"id":14495,"url":"https:\/\/hppsycho.de\/mediathek\/flipcharts\/","url_meta":{"origin":9496,"position":3},"title":"Flipcharts","author":"","date":false,"format":false,"excerpt":"Stichwort eingeben und los gehts [PFG id=14492]","rel":"","context":"\u00c4hnlicher Beitrag","block_context":{"text":"\u00c4hnlicher Beitrag","link":""},"img":{"alt_text":"","src":"","width":0,"height":0},"classes":[]},{"id":8106,"url":"https:\/\/hppsycho.de\/mediathek\/datenschutz\/","url_meta":{"origin":9496,"position":4},"title":"DATENSCHUTZ","author":"","date":false,"format":false,"excerpt":"Datenschutzerkl\u00e4rung Diese Datenschutzerkl\u00e4rung kl\u00e4rt Sie \u00fcber die Art, den Umfang und Zweck der Verarbeitung von personenbezogenen Daten (nachfolgend kurz \u201eDaten\u201c) innerhalb unseres Onlineangebotes und der mit ihm verbundenen Webseiten, Funktionen und Inhalte sowie externen Onlinepr\u00e4senzen, wie z.B. unser Social Media Profile auf. (nachfolgend gemeinsam bezeichnet als \u201eOnlineangebot\u201c). Im Hinblick auf\u2026","rel":"","context":"\u00c4hnlicher Beitrag","block_context":{"text":"\u00c4hnlicher Beitrag","link":""},"img":{"alt_text":"","src":"","width":0,"height":0},"classes":[]},{"id":16962,"url":"https:\/\/hppsycho.de\/mediathek\/fallgeschichten-2\/","url_meta":{"origin":9496,"position":5},"title":"Fallgeschichten","author":"","date":false,"format":false,"excerpt":"Fall 2 Fall 3 Fall 4 Fall 5 Fall 6 \u00a0","rel":"","context":"\u00c4hnlicher Beitrag","block_context":{"text":"\u00c4hnlicher Beitrag","link":""},"img":{"alt_text":"","src":"","width":0,"height":0},"classes":[]}],"jetpack_sharing_enabled":true,"_links":{"self":[{"href":"https:\/\/hppsycho.de\/mediathek\/wp-json\/wp\/v2\/pages\/9496","targetHints":{"allow":["GET"]}}],"collection":[{"href":"https:\/\/hppsycho.de\/mediathek\/wp-json\/wp\/v2\/pages"}],"about":[{"href":"https:\/\/hppsycho.de\/mediathek\/wp-json\/wp\/v2\/types\/page"}],"author":[{"embeddable":true,"href":"https:\/\/hppsycho.de\/mediathek\/wp-json\/wp\/v2\/users\/1"}],"replies":[{"embeddable":true,"href":"https:\/\/hppsycho.de\/mediathek\/wp-json\/wp\/v2\/comments?post=9496"}],"version-history":[{"count":0,"href":"https:\/\/hppsycho.de\/mediathek\/wp-json\/wp\/v2\/pages\/9496\/revisions"}],"wp:attachment":[{"href":"https:\/\/hppsycho.de\/mediathek\/wp-json\/wp\/v2\/media?parent=9496"}],"curies":[{"name":"wp","href":"https:\/\/api.w.org\/{rel}","templated":true}]}}