{"id":6774,"date":"2017-09-23T12:05:23","date_gmt":"2017-09-23T10:05:23","guid":{"rendered":"https:\/\/hppsycho.de\/mediathek\/?page_id=6774"},"modified":"2024-03-16T19:59:03","modified_gmt":"2024-03-16T18:59:03","slug":"willkommen-in-deiner-mediathek","status":"publish","type":"page","link":"https:\/\/hppsycho.de\/mediathek\/willkommen-in-deiner-mediathek\/","title":{"rendered":"Willkommen in Deiner Mediathek"},"content":{"rendered":"<p>Als Teilnehmer und Teilnehmerin <a href=\"https:\/\/www.pegasuszentrum.de\/lernen-im-odenwald\">meiner Kurse<\/a> steht Dir diese Mediathek zur Verf\u00fcgung.<\/p>\n<p>Wenn Du auf die einzelnen Men\u00fcpunkte klickst, bekommst Du alle Inhalte des Men\u00fcs angezeigt. Du kannst es auch aufklappen und das entsprechende Thema ausw\u00e4hlen, das Du anschauen m\u00f6chtest.<\/p>\n<p>Melde Dich bitte an, wenn Du die Inhalte nutzen willst. Den Anmeldelink und alle Informationen zur Seite und Deinem Profil findest Du unter &#8222;<a href=\"https:\/\/hppsycho.de\/mediathek\/membership-login\/\">Profil und Info<\/a>&#8222;.<\/p>\n<p>Bei Fragen kommentiere gerne die Inhalte, so hat jeder etwas von unserer Antwort.<\/p>\n<p><a href=\"https:\/\/i0.wp.com\/hppsycho.de\/mediathek\/wp-content\/uploads\/2017\/09\/merken.png?ssl=1\"><img data-recalc-dims=\"1\" loading=\"lazy\" decoding=\"async\" data-attachment-id=\"7035\" data-permalink=\"https:\/\/hppsycho.de\/mediathek\/willkommen-in-deiner-mediathek\/merken\/\" data-orig-file=\"https:\/\/i0.wp.com\/hppsycho.de\/mediathek\/wp-content\/uploads\/2017\/09\/merken.png?fit=73%2C65&amp;ssl=1\" data-orig-size=\"73,65\" data-comments-opened=\"1\" data-image-meta=\"{&quot;aperture&quot;:&quot;0&quot;,&quot;credit&quot;:&quot;&quot;,&quot;camera&quot;:&quot;&quot;,&quot;caption&quot;:&quot;&quot;,&quot;created_timestamp&quot;:&quot;0&quot;,&quot;copyright&quot;:&quot;&quot;,&quot;focal_length&quot;:&quot;0&quot;,&quot;iso&quot;:&quot;0&quot;,&quot;shutter_speed&quot;:&quot;0&quot;,&quot;title&quot;:&quot;&quot;,&quot;orientation&quot;:&quot;0&quot;}\" data-image-title=\"merken\" data-image-description=\"\" data-image-caption=\"\" data-large-file=\"https:\/\/i0.wp.com\/hppsycho.de\/mediathek\/wp-content\/uploads\/2017\/09\/merken.png?fit=73%2C65&amp;ssl=1\" class=\"alignleft wp-image-7035 size-full\" src=\"https:\/\/i0.wp.com\/hppsycho.de\/mediathek\/wp-content\/uploads\/2017\/09\/merken.png?resize=73%2C65&#038;ssl=1\" alt=\"\" width=\"73\" height=\"65\" \/><\/a>TIPP: Wenn Du auf das schwarze Bookmark-Zeichen unterhalb des Textes klickst, kannst Du Dir den aktuellen Beitrag merken und in Deinem\u00a0 <a href=\"https:\/\/hppsycho.de\/mediathek\/merkzettel\/\">Merkzettel\u00a0<\/a>anzeigen lassen.<\/p>\n","protected":false},"excerpt":{"rendered":"<p>Als Teilnehmer und Teilnehmerin meiner Kurse steht Dir diese Mediathek zur Verf\u00fcgung. Wenn Du auf die einzelnen Men\u00fcpunkte klickst, bekommst Du alle Inhalte des Men\u00fcs angezeigt. Du kannst es auch aufklappen und das entsprechende Thema ausw\u00e4hlen, das Du anschauen m\u00f6chtest. Melde Dich bitte an, wenn Du die Inhalte nutzen willst. Den Anmeldelink und alle Informationen [&hellip;]<\/p>\n","protected":false},"author":1,"featured_media":0,"parent":0,"menu_order":0,"comment_status":"closed","ping_status":"closed","template":"","meta":{"footnotes":""},"class_list":["post-6774","page","type-page","status-publish","hentry"],"jetpack-related-posts":[{"id":15349,"url":"https:\/\/hppsycho.de\/mediathek\/impressum\/","url_meta":{"origin":6774,"position":0},"title":"Impressum","author":"","date":false,"format":false,"excerpt":"Koppers und Letschert GbR Am Webergarten 4 D- 61118 Bad Vilbel Telefon: +49 (0) 6101 \u2013 30414 06 Telefax: +49 (0) 6101 \u2013 30414 07 Email:\u00a0\u00a0info[at]hppsycho.de Webmaster: Joachim Letschert Inhaber: Uwe Koppers und Joachim Letschert (Anschrift wie oben) Inhaltlich Verantwortlicher gem\u00e4\u00df \u00a7 10 Absatz 3 MDStV: Uwe Koppers und Joachim\u2026","rel":"","context":"\u00c4hnlicher Beitrag","block_context":{"text":"\u00c4hnlicher Beitrag","link":""},"img":{"alt_text":"","src":"","width":0,"height":0},"classes":[]},{"id":8106,"url":"https:\/\/hppsycho.de\/mediathek\/datenschutz\/","url_meta":{"origin":6774,"position":1},"title":"DATENSCHUTZ","author":"","date":false,"format":false,"excerpt":"Datenschutzerkl\u00e4rung Diese Datenschutzerkl\u00e4rung kl\u00e4rt Sie \u00fcber die Art, den Umfang und Zweck der Verarbeitung von personenbezogenen Daten (nachfolgend kurz \u201eDaten\u201c) innerhalb unseres Onlineangebotes und der mit ihm verbundenen Webseiten, Funktionen und Inhalte sowie externen Onlinepr\u00e4senzen, wie z.B. unser Social Media Profile auf. (nachfolgend gemeinsam bezeichnet als \u201eOnlineangebot\u201c). Im Hinblick auf\u2026","rel":"","context":"\u00c4hnlicher Beitrag","block_context":{"text":"\u00c4hnlicher Beitrag","link":""},"img":{"alt_text":"","src":"","width":0,"height":0},"classes":[]},{"id":15396,"url":"https:\/\/hppsycho.de\/mediathek\/membership-login\/membership-profile\/","url_meta":{"origin":6774,"position":2},"title":"Profil","author":"","date":false,"format":false,"excerpt":"","rel":"","context":"\u00c4hnlicher Beitrag","block_context":{"text":"\u00c4hnlicher Beitrag","link":""},"img":{"alt_text":"","src":"","width":0,"height":0},"classes":[]},{"id":17820,"url":"https:\/\/hppsycho.de\/mediathek\/ausbildung-im-odenwaldinstitut\/","url_meta":{"origin":6774,"position":3},"title":"Ausbildung im Odenwaldinstitut","author":"","date":false,"format":false,"excerpt":"","rel":"","context":"\u00c4hnlicher Beitrag","block_context":{"text":"\u00c4hnlicher Beitrag","link":""},"img":{"alt_text":"","src":"","width":0,"height":0},"classes":[]},{"id":15034,"url":"https:\/\/hppsycho.de\/mediathek\/odenwald-kurs-2021-22\/","url_meta":{"origin":6774,"position":4},"title":"Odenwald-Kurs 2021-22","author":"","date":false,"format":false,"excerpt":"Hier findest Du alles, was Du f\u00fcr die kommenden Module ben\u00f6tigst. Klicke bitte auf das + des jeweiligen Moduls. Erstes Modul","rel":"","context":"\u00c4hnlicher Beitrag","block_context":{"text":"\u00c4hnlicher Beitrag","link":""},"img":{"alt_text":"","src":"https:\/\/i0.wp.com\/hppsycho.de\/mediathek\/wp-content\/uploads\/2021\/04\/ofenstein-9783437583223_1.jpg?resize=350%2C200&ssl=1","width":350,"height":200},"classes":[]},{"id":15393,"url":"https:\/\/hppsycho.de\/mediathek\/membership-join\/","url_meta":{"origin":6774,"position":5},"title":"Join Us","author":"","date":false,"format":false,"excerpt":"Dieses Portal ist f\u00fcr Teilnehmende der Ausbildung und Pr\u00fcfungsvorbereitung zum Heilpraktiker f\u00fcr Psychotherapie gedacht. Bitte frage bei Interesse per Mail an jo@letschert.net \u00a0","rel":"","context":"\u00c4hnlicher Beitrag","block_context":{"text":"\u00c4hnlicher Beitrag","link":""},"img":{"alt_text":"","src":"","width":0,"height":0},"classes":[]}],"jetpack_sharing_enabled":true,"_links":{"self":[{"href":"https:\/\/hppsycho.de\/mediathek\/wp-json\/wp\/v2\/pages\/6774","targetHints":{"allow":["GET"]}}],"collection":[{"href":"https:\/\/hppsycho.de\/mediathek\/wp-json\/wp\/v2\/pages"}],"about":[{"href":"https:\/\/hppsycho.de\/mediathek\/wp-json\/wp\/v2\/types\/page"}],"author":[{"embeddable":true,"href":"https:\/\/hppsycho.de\/mediathek\/wp-json\/wp\/v2\/users\/1"}],"replies":[{"embeddable":true,"href":"https:\/\/hppsycho.de\/mediathek\/wp-json\/wp\/v2\/comments?post=6774"}],"version-history":[{"count":0,"href":"https:\/\/hppsycho.de\/mediathek\/wp-json\/wp\/v2\/pages\/6774\/revisions"}],"wp:attachment":[{"href":"https:\/\/hppsycho.de\/mediathek\/wp-json\/wp\/v2\/media?parent=6774"}],"curies":[{"name":"wp","href":"https:\/\/api.w.org\/{rel}","templated":true}]}}