{"id":18229,"date":"2026-03-31T16:50:05","date_gmt":"2026-03-31T14:50:05","guid":{"rendered":"https:\/\/hppsycho.de\/mediathek\/?page_id=18229"},"modified":"2026-03-31T16:53:55","modified_gmt":"2026-03-31T14:53:55","slug":"podbooks","status":"publish","type":"page","link":"https:\/\/hppsycho.de\/mediathek\/podbooks\/","title":{"rendered":"Podbooks"},"content":{"rendered":"<div class=\"swpm-post-not-logged-in-msg\">Sie m\u00fcssen sich anmelden, um diesen Inhalt einsehen zu k\u00f6nnen. Bitte <a class=\"swpm-login-link\" href=\"https:\/\/hppsycho.de\/mediathek\/membership-login\/\">Anmelden<\/a>. Kein Mitglied? <a href=\"https:\/\/hppsycho.de\/mediathek\/membership-join\/\">Werden Sie Mitglied bei uns<\/a><\/div>","protected":false},"excerpt":{"rendered":"<p>Sie m\u00fcssen sich anmelden, um diesen Inhalt einsehen zu k\u00f6nnen. Bitte Anmelden. Kein Mitglied? Werden Sie Mitglied bei uns<\/p>\n","protected":false},"author":1,"featured_media":0,"parent":0,"menu_order":0,"comment_status":"closed","ping_status":"closed","template":"","meta":{"footnotes":""},"class_list":["post-18229","page","type-page","status-publish","hentry"],"jetpack-related-posts":[{"id":18157,"url":"https:\/\/hppsycho.de\/mediathek\/texte-2\/","url_meta":{"origin":18229,"position":0},"title":"Texte","author":"","date":false,"format":false,"excerpt":"","rel":"","context":"\u00c4hnlicher Beitrag","block_context":{"text":"\u00c4hnlicher Beitrag","link":""},"img":{"alt_text":"","src":"","width":0,"height":0},"classes":[]},{"id":17449,"url":"https:\/\/hppsycho.de\/mediathek\/infothek\/","url_meta":{"origin":18229,"position":1},"title":"Infothek","author":"","date":false,"format":false,"excerpt":"","rel":"","context":"\u00c4hnlicher Beitrag","block_context":{"text":"\u00c4hnlicher Beitrag","link":""},"img":{"alt_text":"","src":"","width":0,"height":0},"classes":[]},{"id":17054,"url":"https:\/\/hppsycho.de\/mediathek\/lernhilfen\/","url_meta":{"origin":18229,"position":2},"title":"Lernhilfen","author":"","date":false,"format":false,"excerpt":"","rel":"","context":"\u00c4hnlicher Beitrag","block_context":{"text":"\u00c4hnlicher Beitrag","link":""},"img":{"alt_text":"","src":"","width":0,"height":0},"classes":[]},{"id":17072,"url":"https:\/\/hppsycho.de\/mediathek\/blog\/","url_meta":{"origin":18229,"position":3},"title":"Blog","author":"","date":false,"format":false,"excerpt":"","rel":"","context":"\u00c4hnlicher Beitrag","block_context":{"text":"\u00c4hnlicher Beitrag","link":""},"img":{"alt_text":"","src":"","width":0,"height":0},"classes":[]},{"id":16872,"url":"https:\/\/hppsycho.de\/mediathek\/pruefungstipps\/","url_meta":{"origin":18229,"position":4},"title":"Pr\u00fcfungstipps","author":"","date":false,"format":false,"excerpt":"","rel":"","context":"\u00c4hnlicher Beitrag","block_context":{"text":"\u00c4hnlicher Beitrag","link":""},"img":{"alt_text":"","src":"","width":0,"height":0},"classes":[]},{"id":16952,"url":"https:\/\/hppsycho.de\/mediathek\/praxisfuehrung\/","url_meta":{"origin":18229,"position":5},"title":"Praxisf\u00fchrung","author":"","date":false,"format":false,"excerpt":"","rel":"","context":"\u00c4hnlicher Beitrag","block_context":{"text":"\u00c4hnlicher Beitrag","link":""},"img":{"alt_text":"","src":"","width":0,"height":0},"classes":[]}],"jetpack_sharing_enabled":true,"_links":{"self":[{"href":"https:\/\/hppsycho.de\/mediathek\/wp-json\/wp\/v2\/pages\/18229","targetHints":{"allow":["GET"]}}],"collection":[{"href":"https:\/\/hppsycho.de\/mediathek\/wp-json\/wp\/v2\/pages"}],"about":[{"href":"https:\/\/hppsycho.de\/mediathek\/wp-json\/wp\/v2\/types\/page"}],"author":[{"embeddable":true,"href":"https:\/\/hppsycho.de\/mediathek\/wp-json\/wp\/v2\/users\/1"}],"replies":[{"embeddable":true,"href":"https:\/\/hppsycho.de\/mediathek\/wp-json\/wp\/v2\/comments?post=18229"}],"version-history":[{"count":3,"href":"https:\/\/hppsycho.de\/mediathek\/wp-json\/wp\/v2\/pages\/18229\/revisions"}],"predecessor-version":[{"id":18231,"href":"https:\/\/hppsycho.de\/mediathek\/wp-json\/wp\/v2\/pages\/18229\/revisions\/18231"}],"wp:attachment":[{"href":"https:\/\/hppsycho.de\/mediathek\/wp-json\/wp\/v2\/media?parent=18229"}],"curies":[{"name":"wp","href":"https:\/\/api.w.org\/{rel}","templated":true}]}}