{"id":17483,"date":"2025-03-12T17:33:35","date_gmt":"2025-03-12T16:33:35","guid":{"rendered":"https:\/\/hppsycho.de\/mediathek\/?page_id=17483"},"modified":"2025-03-12T17:33:35","modified_gmt":"2025-03-12T16:33:35","slug":"glossar","status":"publish","type":"page","link":"https:\/\/hppsycho.de\/mediathek\/glossar\/","title":{"rendered":"Glossar"},"content":{"rendered":"<div class=\"wpg-list-wrapper wpg-list-wrapper-template-alphabet\"><div class=\"wpg-list-search-form wpg-list-search-form-position-above\"><input type=\"text\" placeholder=\"Search by Keyword ...\" value=\"\" \/><\/div><div class=\"wpg-list-filter-container\"><div class=\"wpg-list-filter\"><span class=\"wpg-list-filter-row\"><a class=\" filter active\" data-filter=\"all\">alle<\/a><a class=\" filter-disable\" data-filter=\".wpg-filter-0-9\">0-9<\/a><a class=\" filter\" data-filter=\".wpg-filter-a\">A<\/a><a class=\" filter\" data-filter=\".wpg-filter-b\">B<\/a><a class=\" filter-disable\" data-filter=\".wpg-filter-c\">C<\/a><a class=\" filter\" data-filter=\".wpg-filter-d\">D<\/a><a class=\" filter-disable\" data-filter=\".wpg-filter-e\">E<\/a><a class=\" filter\" data-filter=\".wpg-filter-f\">F<\/a><a class=\" filter\" data-filter=\".wpg-filter-g\">G<\/a><a class=\" filter-disable\" data-filter=\".wpg-filter-h\">H<\/a><a class=\" filter\" data-filter=\".wpg-filter-i\">I<\/a><a class=\" filter-disable\" data-filter=\".wpg-filter-j\">J<\/a><a class=\" filter-disable\" data-filter=\".wpg-filter-k\">K<\/a><a class=\" filter-disable\" data-filter=\".wpg-filter-l\">L<\/a><a class=\" filter\" data-filter=\".wpg-filter-m\">M<\/a><a class=\" filter\" data-filter=\".wpg-filter-n\">N<\/a><a class=\" filter-disable\" data-filter=\".wpg-filter-o\">O<\/a><a class=\" filter\" data-filter=\".wpg-filter-p\">P<\/a><a class=\" filter-disable\" data-filter=\".wpg-filter-q\">Q<\/a><a class=\" filter-disable\" data-filter=\".wpg-filter-r\">R<\/a><a class=\" filter\" data-filter=\".wpg-filter-s\">S<\/a><a class=\" filter\" data-filter=\".wpg-filter-t\">T<\/a><a class=\" filter\" data-filter=\".wpg-filter-u\">U<\/a><a class=\" filter\" data-filter=\".wpg-filter-v\">V<\/a><a class=\" filter-disable\" data-filter=\".wpg-filter-w\">W<\/a><a class=\" filter-disable\" data-filter=\".wpg-filter-x\">X<\/a><a class=\" filter-disable\" data-filter=\".wpg-filter-y\">Y<\/a><a class=\" filter\" data-filter=\".wpg-filter-z\">Z<\/a><\/span><\/div><\/div><div class=\"wpg-list wpg-list-template-three-column\"><div class=\"wpg-list-block wpg-filter-a mix\" data-filter-base=\"a\"><h3 class=\"wpg-list-block-heading\">A<\/h3><ul class=\"wpg-list-items\"><li class=\"wpg-list-item\"><a class=\"wpg-list-item-title\" title=\"Abh\u00e4ngigkeit\" href=\"https:\/\/hppsycho.de\/mediathek\/glossary\/abhaengigkeit\/\" >Abh\u00e4ngigkeit<\/a><\/li><li class=\"wpg-list-item\"><a class=\"wpg-list-item-title\" title=\"Alzheimer\" href=\"https:\/\/hppsycho.de\/mediathek\/glossary\/alzheimer-2\/\" >Alzheimer<\/a><\/li><li class=\"wpg-list-item\"><a class=\"wpg-list-item-title\" title=\"Angst\" href=\"https:\/\/hppsycho.de\/mediathek\/glossary\/angst\/\" >Angst<\/a><\/li><li class=\"wpg-list-item\"><a class=\"wpg-list-item-title\" title=\"Antagonist\" href=\"https:\/\/hppsycho.de\/mediathek\/glossary\/antagonist\/\" >Antagonist<\/a><\/li><li class=\"wpg-list-item\"><a class=\"wpg-list-item-title\" title=\"Antidepressiva\" href=\"https:\/\/hppsycho.de\/mediathek\/glossary\/antidepresiva\/\" >Antidepressiva<\/a><\/li><\/ul><\/div><div class=\"wpg-list-block wpg-filter-b mix\" data-filter-base=\"b\"><h3 class=\"wpg-list-block-heading\">B<\/h3><ul class=\"wpg-list-items\"><li class=\"wpg-list-item\"><a class=\"wpg-list-item-title\" title=\"Befund\" href=\"https:\/\/hppsycho.de\/mediathek\/glossary\/befund\/\" >Befund<\/a><\/li><li class=\"wpg-list-item\"><a class=\"wpg-list-item-title\" title=\"Bewusstsein\" href=\"https:\/\/hppsycho.de\/mediathek\/glossary\/bewusstsein\/\" >Bewusstsein<\/a><\/li><\/ul><\/div><div class=\"wpg-list-block wpg-filter-d mix\" data-filter-base=\"d\"><h3 class=\"wpg-list-block-heading\">D<\/h3><ul class=\"wpg-list-items\"><li class=\"wpg-list-item\"><a class=\"wpg-list-item-title\" title=\"Demenz\" href=\"https:\/\/hppsycho.de\/mediathek\/glossary\/demenz\/\" >Demenz<\/a><\/li><li class=\"wpg-list-item\"><a class=\"wpg-list-item-title\" title=\"demenzielles Syndrom\" href=\"https:\/\/hppsycho.de\/mediathek\/glossary\/demenzielles-syndrom\/\" >demenzielles Syndrom<\/a><\/li><li class=\"wpg-list-item\"><a class=\"wpg-list-item-title\" title=\"Depression\" href=\"https:\/\/hppsycho.de\/mediathek\/glossary\/depression\/\" >Depression<\/a><\/li><li class=\"wpg-list-item\"><a class=\"wpg-list-item-title\" title=\"Differenzialdiagnose\" href=\"https:\/\/hppsycho.de\/mediathek\/glossary\/differenzialdiagnose\/\" >Differenzialdiagnose<\/a><\/li><\/ul><\/div><div class=\"wpg-list-block wpg-filter-f mix\" data-filter-base=\"f\"><h3 class=\"wpg-list-block-heading\">F<\/h3><ul class=\"wpg-list-items\"><li class=\"wpg-list-item\"><a class=\"wpg-list-item-title\" title=\"Fremdanamnese\" href=\"https:\/\/hppsycho.de\/mediathek\/glossary\/fremdanamnese\/\" >Fremdanamnese<\/a><\/li><\/ul><\/div><div class=\"wpg-list-block wpg-filter-g mix\" data-filter-base=\"g\"><h3 class=\"wpg-list-block-heading\">G<\/h3><ul class=\"wpg-list-items\"><li class=\"wpg-list-item\"><a class=\"wpg-list-item-title\" title=\"Geb\u00fcH &#8211; Geb\u00fchrenordnung f\u00fcr Heilpraktiker\" href=\"https:\/\/hppsycho.de\/mediathek\/glossary\/gebueh-gebuehrenordnung-fuer-heilpraktiker\/\" >Geb\u00fcH &#8211; Geb\u00fchrenordnung f\u00fcr Heilpraktiker<\/a><\/li><\/ul><\/div><div class=\"wpg-list-block wpg-filter-i mix\" data-filter-base=\"i\"><h3 class=\"wpg-list-block-heading\">I<\/h3><ul class=\"wpg-list-items\"><li class=\"wpg-list-item\"><a class=\"wpg-list-item-title\" title=\"ICD\" href=\"https:\/\/hppsycho.de\/mediathek\/glossary\/icd\/\" >ICD<\/a><\/li><\/ul><\/div><div class=\"wpg-list-block wpg-filter-m mix\" data-filter-base=\"m\"><h3 class=\"wpg-list-block-heading\">M<\/h3><ul class=\"wpg-list-items\"><li class=\"wpg-list-item\"><a class=\"wpg-list-item-title\" title=\"Monotherapie\" href=\"https:\/\/hppsycho.de\/mediathek\/glossary\/monotherapie\/\" >Monotherapie<\/a><\/li><\/ul><\/div><div class=\"wpg-list-block wpg-filter-n mix\" data-filter-base=\"n\"><h3 class=\"wpg-list-block-heading\">N<\/h3><ul class=\"wpg-list-items\"><li class=\"wpg-list-item\"><a class=\"wpg-list-item-title\" title=\"Neuroleptika\" href=\"https:\/\/hppsycho.de\/mediathek\/glossary\/neuroleptika\/\" >Neuroleptika<\/a><\/li><li class=\"wpg-list-item\"><a class=\"wpg-list-item-title\" title=\"Neurose\" href=\"https:\/\/hppsycho.de\/mediathek\/glossary\/neurose\/\" >Neurose<\/a><\/li><li class=\"wpg-list-item\"><a class=\"wpg-list-item-title\" title=\"Nootropica\" href=\"https:\/\/hppsycho.de\/mediathek\/glossary\/nootropica\/\" >Nootropica<\/a><\/li><\/ul><\/div><div class=\"wpg-list-block wpg-filter-p mix\" data-filter-base=\"p\"><h3 class=\"wpg-list-block-heading\">P<\/h3><ul class=\"wpg-list-items\"><li class=\"wpg-list-item\"><a class=\"wpg-list-item-title\" title=\"peripartal\" href=\"https:\/\/hppsycho.de\/mediathek\/glossary\/peripartal\/\" >peripartal<\/a><\/li><li class=\"wpg-list-item\"><a class=\"wpg-list-item-title\" title=\"Pers\u00f6nlichkeitsst\u00f6rung\" href=\"https:\/\/hppsycho.de\/mediathek\/glossary\/persoenlichkeitsstoerung\/\" >Pers\u00f6nlichkeitsst\u00f6rung<\/a><\/li><\/ul><\/div><div class=\"wpg-list-block wpg-filter-s mix\" data-filter-base=\"s\"><h3 class=\"wpg-list-block-heading\">S<\/h3><ul class=\"wpg-list-items\"><li class=\"wpg-list-item\"><a class=\"wpg-list-item-title\" title=\"Schizophrenie\" href=\"https:\/\/hppsycho.de\/mediathek\/glossary\/schizophrenie-2\/\" >Schizophrenie<\/a><\/li><li class=\"wpg-list-item\"><a class=\"wpg-list-item-title\" title=\"Spezifikatoren\" href=\"https:\/\/hppsycho.de\/mediathek\/glossary\/spezifikatoren\/\" >Spezifikatoren<\/a><\/li><\/ul><\/div><div class=\"wpg-list-block wpg-filter-t mix\" data-filter-base=\"t\"><h3 class=\"wpg-list-block-heading\">T<\/h3><ul class=\"wpg-list-items\"><li class=\"wpg-list-item\"><a class=\"wpg-list-item-title\" title=\"Testverfahren\" href=\"https:\/\/hppsycho.de\/mediathek\/glossary\/testverfahren\/\" >Testverfahren<\/a><\/li><\/ul><\/div><div class=\"wpg-list-block wpg-filter-u mix\" data-filter-base=\"u\"><h3 class=\"wpg-list-block-heading\">U<\/h3><ul class=\"wpg-list-items\"><li class=\"wpg-list-item\"><a class=\"wpg-list-item-title\" title=\"Uhren-Zeichen-Test\" href=\"https:\/\/hppsycho.de\/mediathek\/glossary\/uhrenzeichentest\/\" >Uhren-Zeichen-Test<\/a><\/li><\/ul><\/div><div class=\"wpg-list-block wpg-filter-v mix\" data-filter-base=\"v\"><h3 class=\"wpg-list-block-heading\">V<\/h3><ul class=\"wpg-list-items\"><li class=\"wpg-list-item\"><a class=\"wpg-list-item-title\" title=\"Visuokonstruktion\" href=\"https:\/\/hppsycho.de\/mediathek\/glossary\/visuokonstruktion\/\" >Visuokonstruktion<\/a><\/li><\/ul><\/div><div class=\"wpg-list-block wpg-filter-z mix\" data-filter-base=\"z\"><h3 class=\"wpg-list-block-heading\">Z<\/h3><ul class=\"wpg-list-items\"><li class=\"wpg-list-item\"><a class=\"wpg-list-item-title\" title=\"ZNS\" href=\"https:\/\/hppsycho.de\/mediathek\/glossary\/zns\/\" >ZNS<\/a><\/li><\/ul><\/div><\/div><div class=\"wpg-clearfix\"><\/div><\/div>\n","protected":false},"excerpt":{"rendered":"","protected":false},"author":1,"featured_media":0,"parent":0,"menu_order":0,"comment_status":"closed","ping_status":"closed","template":"","meta":{"footnotes":""},"class_list":["post-17483","page","type-page","status-publish","hentry"],"jetpack-related-posts":[],"jetpack_sharing_enabled":true,"_links":{"self":[{"href":"https:\/\/hppsycho.de\/mediathek\/wp-json\/wp\/v2\/pages\/17483","targetHints":{"allow":["GET"]}}],"collection":[{"href":"https:\/\/hppsycho.de\/mediathek\/wp-json\/wp\/v2\/pages"}],"about":[{"href":"https:\/\/hppsycho.de\/mediathek\/wp-json\/wp\/v2\/types\/page"}],"author":[{"embeddable":true,"href":"https:\/\/hppsycho.de\/mediathek\/wp-json\/wp\/v2\/users\/1"}],"replies":[{"embeddable":true,"href":"https:\/\/hppsycho.de\/mediathek\/wp-json\/wp\/v2\/comments?post=17483"}],"version-history":[{"count":0,"href":"https:\/\/hppsycho.de\/mediathek\/wp-json\/wp\/v2\/pages\/17483\/revisions"}],"wp:attachment":[{"href":"https:\/\/hppsycho.de\/mediathek\/wp-json\/wp\/v2\/media?parent=17483"}],"curies":[{"name":"wp","href":"https:\/\/api.w.org\/{rel}","templated":true}]}}