{"id":15395,"date":"2024-02-20T11:25:41","date_gmt":"2024-02-20T10:25:41","guid":{"rendered":"https:\/\/hppsycho.de\/mediathek\/membership-login\/"},"modified":"2024-02-20T11:25:41","modified_gmt":"2024-02-20T10:25:41","slug":"membership-login","status":"publish","type":"page","link":"https:\/\/hppsycho.de\/mediathek\/membership-login\/","title":{"rendered":"Anmeldung f\u00fcr Mitglieder"},"content":{"rendered":"<div class=\"swpm-login-widget-form\">\n    <form id=\"swpm-login-form\" name=\"swpm-login-form\" method=\"post\" action=\"\">\n        <input type=\"hidden\" name=\"swpm_login_origination_flag\" value=\"1\" \/>\n        <div class=\"swpm-login-form-inner\">\n            <div class=\"swpm-username-label\">\n                <label for=\"swpm_user_name\" class=\"swpm-label\">Benutzername oder E-Mail-Adresse<\/label>\n            <\/div>\n            <div class=\"swpm-username-input\">\n                <input type=\"text\" class=\"swpm-text-field swpm-username-field\" id=\"swpm_user_name\" value=\"\" size=\"25\" name=\"swpm_user_name\" \/>\n            <\/div>\n            <div class=\"swpm-password-label\">\n                <label for=\"swpm_password\" class=\"swpm-label\">Passwort<\/label>\n            <\/div>\n            <div class=\"swpm-password-input\">                \n                <input type=\"password\" class=\"swpm-text-field swpm-password-field\" id=\"swpm_password\" value=\"\" size=\"25\" name=\"swpm_password\" \/>                \n            <\/div>\n                            <div class=\"swpm-password-input-visibility\">                                        \n                    <span class=\"swpm-password-toggle-checkbox\"><input type=\"checkbox\" name=\"swpm-password-toggle-checkbox\" id=\"swpm-password-toggle-checkbox\" data-state=\"password-hidden\" > <\/span>\n                    <label for=\"swpm-password-toggle-checkbox\" class=\"swpm-password-toggle-checkbox-label\">\n                        <span class=\"swpm-password-toggle-label\"> Passwort anzeigen<\/span>\n                    <\/label>\n                <\/div>\n                        <div class=\"swpm-remember-me\">\n                <span class=\"swpm-remember-checkbox\"><input type=\"checkbox\" name=\"rememberme\" id=\"swpm-rememberme\"><\/span>\n                <label for=\"swpm-rememberme\" class=\"swpm-rememberme-label\">\n                    <span class=\"swpm-rember-label\"> Angemeldet bleiben<\/span>\n                <\/label>\n            <\/div>\n\n            <div class=\"swpm-before-login-submit-section\"><\/div>\n\n            <div class=\"swpm-login-submit\">\n                <input type=\"submit\" class=\"swpm-login-form-submit\" name=\"swpm-login\" value=\"Anmelden\"\/>\n            <\/div>\n            <div class=\"swpm-forgot-pass-link\">\n                <a id=\"forgot_pass\" class=\"swpm-login-form-pw-reset-link\"  href=\"https:\/\/hppsycho.de\/mediathek\/password-reset\/\">Haben Sie Ihr Passwort vergessen?<\/a>\n            <\/div>\n                        <div class=\"swpm-join-us-link\">\n                <a id=\"register\" class=\"swpm-login-form-register-link\" href=\"https:\/\/hppsycho.de\/mediathek\/membership-join\/\">Werden Sie Mitglied bei uns<\/a>\n            <\/div>\n                        <div class=\"swpm-login-action-msg\">\n                <span class=\"swpm-login-widget-action-msg\"><\/span>\n            <\/div>\n        <\/div>\n    <\/form>\n\n    <\/div>\n\n","protected":false},"excerpt":{"rendered":"","protected":false},"author":1,"featured_media":0,"parent":0,"menu_order":0,"comment_status":"closed","ping_status":"closed","template":"","meta":{"footnotes":""},"class_list":["post-15395","page","type-page","status-publish","hentry"],"jetpack-related-posts":[{"id":8106,"url":"https:\/\/hppsycho.de\/mediathek\/datenschutz\/","url_meta":{"origin":15395,"position":0},"title":"DATENSCHUTZ","author":"","date":false,"format":false,"excerpt":"Datenschutzerkl\u00e4rung Diese Datenschutzerkl\u00e4rung kl\u00e4rt Sie \u00fcber die Art, den Umfang und Zweck der Verarbeitung von personenbezogenen Daten (nachfolgend kurz \u201eDaten\u201c) innerhalb unseres Onlineangebotes und der mit ihm verbundenen Webseiten, Funktionen und Inhalte sowie externen Onlinepr\u00e4senzen, wie z.B. unser Social Media Profile auf. (nachfolgend gemeinsam bezeichnet als \u201eOnlineangebot\u201c). Im Hinblick auf\u2026","rel":"","context":"\u00c4hnlicher Beitrag","block_context":{"text":"\u00c4hnlicher Beitrag","link":""},"img":{"alt_text":"","src":"","width":0,"height":0},"classes":[]},{"id":9491,"url":"https:\/\/hppsycho.de\/mediathek\/login-2\/","url_meta":{"origin":15395,"position":1},"title":"Anmelden","author":"","date":false,"format":false,"excerpt":"[ultimatemember form_id=\"9487\"]","rel":"","context":"\u00c4hnlicher Beitrag","block_context":{"text":"\u00c4hnlicher Beitrag","link":""},"img":{"alt_text":"","src":"","width":0,"height":0},"classes":[]},{"id":17820,"url":"https:\/\/hppsycho.de\/mediathek\/ausbildung-im-odenwaldinstitut\/","url_meta":{"origin":15395,"position":2},"title":"Ausbildung im Odenwaldinstitut","author":"","date":false,"format":false,"excerpt":"","rel":"","context":"\u00c4hnlicher Beitrag","block_context":{"text":"\u00c4hnlicher Beitrag","link":""},"img":{"alt_text":"","src":"","width":0,"height":0},"classes":[]},{"id":6774,"url":"https:\/\/hppsycho.de\/mediathek\/willkommen-in-deiner-mediathek\/","url_meta":{"origin":15395,"position":3},"title":"Willkommen in Deiner Mediathek","author":"","date":false,"format":false,"excerpt":"Als Teilnehmer und Teilnehmerin meiner Kurse steht Dir diese Mediathek zur Verf\u00fcgung. Wenn Du auf die einzelnen Men\u00fcpunkte klickst, bekommst Du alle Inhalte des Men\u00fcs angezeigt. Du kannst es auch aufklappen und das entsprechende Thema ausw\u00e4hlen, das Du anschauen m\u00f6chtest. Melde Dich bitte an, wenn Du die Inhalte nutzen willst.\u2026","rel":"","context":"\u00c4hnlicher Beitrag","block_context":{"text":"\u00c4hnlicher Beitrag","link":""},"img":{"alt_text":"","src":"https:\/\/i0.wp.com\/hppsycho.de\/mediathek\/wp-content\/uploads\/2017\/09\/merken.png?resize=350%2C200&ssl=1","width":350,"height":200},"classes":[]},{"id":15349,"url":"https:\/\/hppsycho.de\/mediathek\/impressum\/","url_meta":{"origin":15395,"position":4},"title":"Impressum","author":"","date":false,"format":false,"excerpt":"Koppers und Letschert GbR Am Webergarten 4 D- 61118 Bad Vilbel Telefon: +49 (0) 6101 \u2013 30414 06 Telefax: +49 (0) 6101 \u2013 30414 07 Email:\u00a0\u00a0info[at]hppsycho.de Webmaster: Joachim Letschert Inhaber: Uwe Koppers und Joachim Letschert (Anschrift wie oben) Inhaltlich Verantwortlicher gem\u00e4\u00df \u00a7 10 Absatz 3 MDStV: Uwe Koppers und Joachim\u2026","rel":"","context":"\u00c4hnlicher Beitrag","block_context":{"text":"\u00c4hnlicher Beitrag","link":""},"img":{"alt_text":"","src":"","width":0,"height":0},"classes":[]},{"id":16278,"url":"https:\/\/hppsycho.de\/mediathek\/lernen-im-odenwald-2025-26\/","url_meta":{"origin":15395,"position":5},"title":"Lernen im Odenwald 2025\/26","author":"","date":false,"format":false,"excerpt":"","rel":"","context":"\u00c4hnlicher Beitrag","block_context":{"text":"\u00c4hnlicher Beitrag","link":""},"img":{"alt_text":"","src":"","width":0,"height":0},"classes":[]}],"jetpack_sharing_enabled":true,"_links":{"self":[{"href":"https:\/\/hppsycho.de\/mediathek\/wp-json\/wp\/v2\/pages\/15395","targetHints":{"allow":["GET"]}}],"collection":[{"href":"https:\/\/hppsycho.de\/mediathek\/wp-json\/wp\/v2\/pages"}],"about":[{"href":"https:\/\/hppsycho.de\/mediathek\/wp-json\/wp\/v2\/types\/page"}],"author":[{"embeddable":true,"href":"https:\/\/hppsycho.de\/mediathek\/wp-json\/wp\/v2\/users\/1"}],"replies":[{"embeddable":true,"href":"https:\/\/hppsycho.de\/mediathek\/wp-json\/wp\/v2\/comments?post=15395"}],"version-history":[{"count":0,"href":"https:\/\/hppsycho.de\/mediathek\/wp-json\/wp\/v2\/pages\/15395\/revisions"}],"wp:attachment":[{"href":"https:\/\/hppsycho.de\/mediathek\/wp-json\/wp\/v2\/media?parent=15395"}],"curies":[{"name":"wp","href":"https:\/\/api.w.org\/{rel}","templated":true}]}}