{"id":15393,"date":"2024-02-20T11:25:40","date_gmt":"2024-02-20T10:25:40","guid":{"rendered":"https:\/\/hppsycho.de\/mediathek\/membership-join\/"},"modified":"2024-02-28T14:47:29","modified_gmt":"2024-02-28T13:47:29","slug":"membership-join","status":"publish","type":"page","link":"https:\/\/hppsycho.de\/mediathek\/membership-join\/","title":{"rendered":"Join Us"},"content":{"rendered":"<p style=\"color: red; font-weight: bold;\">Dieses Portal ist f\u00fcr Teilnehmende der Ausbildung und Pr\u00fcfungsvorbereitung zum Heilpraktiker f\u00fcr Psychotherapie gedacht.<\/p>\n<p>Bitte frage bei Interesse per Mail an jo@letschert.net<\/p>\n<p>&nbsp;<\/p>\n","protected":false},"excerpt":{"rendered":"<p>Dieses Portal ist f\u00fcr Teilnehmende der Ausbildung und Pr\u00fcfungsvorbereitung zum Heilpraktiker f\u00fcr Psychotherapie gedacht. Bitte frage bei Interesse per Mail an jo@letschert.net &nbsp;<\/p>\n","protected":false},"author":1,"featured_media":0,"parent":0,"menu_order":0,"comment_status":"closed","ping_status":"closed","template":"","meta":{"footnotes":""},"class_list":["post-15393","page","type-page","status-publish","hentry"],"jetpack-related-posts":[{"id":15349,"url":"https:\/\/hppsycho.de\/mediathek\/impressum\/","url_meta":{"origin":15393,"position":0},"title":"Impressum","author":"","date":false,"format":false,"excerpt":"Koppers und Letschert GbR Am Webergarten 4 D- 61118 Bad Vilbel Telefon: +49 (0) 6101 \u2013 30414 06 Telefax: +49 (0) 6101 \u2013 30414 07 Email:\u00a0\u00a0info[at]hppsycho.de Webmaster: Joachim Letschert Inhaber: Uwe Koppers und Joachim Letschert (Anschrift wie oben) Inhaltlich Verantwortlicher gem\u00e4\u00df \u00a7 10 Absatz 3 MDStV: Uwe Koppers und Joachim\u2026","rel":"","context":"\u00c4hnlicher Beitrag","block_context":{"text":"\u00c4hnlicher Beitrag","link":""},"img":{"alt_text":"","src":"","width":0,"height":0},"classes":[]},{"id":16278,"url":"https:\/\/hppsycho.de\/mediathek\/lernen-im-odenwald-2025-26\/","url_meta":{"origin":15393,"position":1},"title":"Lernen im Odenwald 2025\/26","author":"","date":false,"format":false,"excerpt":"","rel":"","context":"\u00c4hnlicher Beitrag","block_context":{"text":"\u00c4hnlicher Beitrag","link":""},"img":{"alt_text":"","src":"","width":0,"height":0},"classes":[]},{"id":8106,"url":"https:\/\/hppsycho.de\/mediathek\/datenschutz\/","url_meta":{"origin":15393,"position":2},"title":"DATENSCHUTZ","author":"","date":false,"format":false,"excerpt":"Datenschutzerkl\u00e4rung Diese Datenschutzerkl\u00e4rung kl\u00e4rt Sie \u00fcber die Art, den Umfang und Zweck der Verarbeitung von personenbezogenen Daten (nachfolgend kurz \u201eDaten\u201c) innerhalb unseres Onlineangebotes und der mit ihm verbundenen Webseiten, Funktionen und Inhalte sowie externen Onlinepr\u00e4senzen, wie z.B. unser Social Media Profile auf. (nachfolgend gemeinsam bezeichnet als \u201eOnlineangebot\u201c). Im Hinblick auf\u2026","rel":"","context":"\u00c4hnlicher Beitrag","block_context":{"text":"\u00c4hnlicher Beitrag","link":""},"img":{"alt_text":"","src":"","width":0,"height":0},"classes":[]},{"id":15034,"url":"https:\/\/hppsycho.de\/mediathek\/odenwald-kurs-2021-22\/","url_meta":{"origin":15393,"position":3},"title":"Odenwald-Kurs 2021-22","author":"","date":false,"format":false,"excerpt":"Hier findest Du alles, was Du f\u00fcr die kommenden Module ben\u00f6tigst. Klicke bitte auf das + des jeweiligen Moduls. Erstes Modul","rel":"","context":"\u00c4hnlicher Beitrag","block_context":{"text":"\u00c4hnlicher Beitrag","link":""},"img":{"alt_text":"","src":"https:\/\/i0.wp.com\/hppsycho.de\/mediathek\/wp-content\/uploads\/2021\/04\/ofenstein-9783437583223_1.jpg?resize=350%2C200&ssl=1","width":350,"height":200},"classes":[]},{"id":17820,"url":"https:\/\/hppsycho.de\/mediathek\/ausbildung-im-odenwaldinstitut\/","url_meta":{"origin":15393,"position":4},"title":"Ausbildung im Odenwaldinstitut","author":"","date":false,"format":false,"excerpt":"","rel":"","context":"\u00c4hnlicher Beitrag","block_context":{"text":"\u00c4hnlicher Beitrag","link":""},"img":{"alt_text":"","src":"","width":0,"height":0},"classes":[]},{"id":15395,"url":"https:\/\/hppsycho.de\/mediathek\/membership-login\/","url_meta":{"origin":15393,"position":5},"title":"Anmeldung f\u00fcr Mitglieder","author":"","date":false,"format":false,"excerpt":"","rel":"","context":"\u00c4hnlicher Beitrag","block_context":{"text":"\u00c4hnlicher Beitrag","link":""},"img":{"alt_text":"","src":"","width":0,"height":0},"classes":[]}],"jetpack_sharing_enabled":true,"_links":{"self":[{"href":"https:\/\/hppsycho.de\/mediathek\/wp-json\/wp\/v2\/pages\/15393","targetHints":{"allow":["GET"]}}],"collection":[{"href":"https:\/\/hppsycho.de\/mediathek\/wp-json\/wp\/v2\/pages"}],"about":[{"href":"https:\/\/hppsycho.de\/mediathek\/wp-json\/wp\/v2\/types\/page"}],"author":[{"embeddable":true,"href":"https:\/\/hppsycho.de\/mediathek\/wp-json\/wp\/v2\/users\/1"}],"replies":[{"embeddable":true,"href":"https:\/\/hppsycho.de\/mediathek\/wp-json\/wp\/v2\/comments?post=15393"}],"version-history":[{"count":0,"href":"https:\/\/hppsycho.de\/mediathek\/wp-json\/wp\/v2\/pages\/15393\/revisions"}],"wp:attachment":[{"href":"https:\/\/hppsycho.de\/mediathek\/wp-json\/wp\/v2\/media?parent=15393"}],"curies":[{"name":"wp","href":"https:\/\/api.w.org\/{rel}","templated":true}]}}